{"id":2,"date":"2012-06-22T13:16:55","date_gmt":"2012-06-22T13:16:55","guid":{"rendered":"http:\/\/www.deniz.im\/?page_id=2"},"modified":"2020-08-24T00:43:06","modified_gmt":"2020-08-23T21:43:06","slug":"ornek-sayfa","status":"publish","type":"page","link":"https:\/\/deniz.im\/?page_id=2","title":{"rendered":"Hakk\u0131mda"},"content":{"rendered":"\n<p>Okur, yazar, bazen foto\u011fraf \u00e7eker, her zaman \u015fark\u0131 s\u00f6yler. ODT\u00dc Sosyoloji 3. s\u0131n\u0131f \u00f6\u011frencisi.<\/p>\n","protected":false},"excerpt":{"rendered":"<p>Okur, yazar, bazen foto\u011fraf \u00e7eker, her zaman \u015fark\u0131 s\u00f6yler. ODT\u00dc Sosyoloji 3. s\u0131n\u0131f \u00f6\u011frencisi.<\/p>\n","protected":false},"author":1,"featured_media":0,"parent":0,"menu_order":0,"comment_status":"open","ping_status":"open","template":"","meta":{"footnotes":""},"class_list":["post-2","page","type-page","status-publish","hentry"],"jetpack_sharing_enabled":true,"_links":{"self":[{"href":"https:\/\/deniz.im\/index.php?rest_route=\/wp\/v2\/pages\/2","targetHints":{"allow":["GET"]}}],"collection":[{"href":"https:\/\/deniz.im\/index.php?rest_route=\/wp\/v2\/pages"}],"about":[{"href":"https:\/\/deniz.im\/index.php?rest_route=\/wp\/v2\/types\/page"}],"author":[{"embeddable":true,"href":"https:\/\/deniz.im\/index.php?rest_route=\/wp\/v2\/users\/1"}],"replies":[{"embeddable":true,"href":"https:\/\/deniz.im\/index.php?rest_route=%2Fwp%2Fv2%2Fcomments&post=2"}],"version-history":[{"count":3,"href":"https:\/\/deniz.im\/index.php?rest_route=\/wp\/v2\/pages\/2\/revisions"}],"predecessor-version":[{"id":371,"href":"https:\/\/deniz.im\/index.php?rest_route=\/wp\/v2\/pages\/2\/revisions\/371"}],"wp:attachment":[{"href":"https:\/\/deniz.im\/index.php?rest_route=%2Fwp%2Fv2%2Fmedia&parent=2"}],"curies":[{"name":"wp","href":"https:\/\/api.w.org\/{rel}","templated":true}]}}